{"id":482,"date":"2014-12-19T14:39:50","date_gmt":"2014-12-19T13:39:50","guid":{"rendered":"https:\/\/www.moser-erbenermittlung.com\/?page_id=482"},"modified":"2014-12-23T11:54:43","modified_gmt":"2014-12-23T10:54:43","slug":"startseite-3","status":"publish","type":"page","link":"https:\/\/www.moser-erbenermittlung.com\/pl\/","title":{"rendered":"dome"},"content":{"rendered":"<div id='layer_slider_1'  class='avia-layerslider main_color avia-shadow  avia-builder-el-0  el_before_av_layout_row  avia-builder-el-first  container_wrap sidebar_right'  style='height: 401px; max-width: 957px; margin: 0 auto;'  ><\/div>\n<div id='av-layout-grid-1'  class='av-layout-grid-container av-av_layout_row-d3f7071aa61dd08dedf955c256f5f93d entry-content-wrapper main_color av-border-top-bottom av-border-cells av-flex-cells  avia-builder-el-1  el_after_av_layerslider  el_before_av_section  grid-row-not-first  container_wrap sidebar_right'  >\n\n<style type=\"text\/css\" data-created_by=\"avia_inline_auto\" id=\"style-css-av-av_cell_one_third-4c09ac5ee946e7fe5b5a674ea4b69906\">\n.flex_cell.av-av_cell_one_third-4c09ac5ee946e7fe5b5a674ea4b69906{\nvertical-align:top;\nbackground-color:#ffffff;\n}\n.responsive #top #wrap_all .flex_cell.av-av_cell_one_third-4c09ac5ee946e7fe5b5a674ea4b69906{\npadding:30px 30px 30px 30px !important;\n}\n<\/style>\n<div class='flex_cell av-av_cell_one_third-4c09ac5ee946e7fe5b5a674ea4b69906 av-gridrow-cell av_one_third no_margin  avia-builder-el-2  el_before_av_cell_one_third  avia-builder-el-first '  ><div class='flex_cell_inner'><p>\n<style type=\"text\/css\" data-created_by=\"avia_inline_auto\" id=\"style-css-av-av_image-1c1823a7a0dac2d692dc726011d36d04\">\n.avia-image-container.av-av_image-1c1823a7a0dac2d692dc726011d36d04 img.avia_image{\nbox-shadow:none;\n}\n.avia-image-container.av-av_image-1c1823a7a0dac2d692dc726011d36d04 .av-image-caption-overlay-center{\ncolor:#ffffff;\n}\n<\/style>\n<div  class='avia-image-container av-av_image-1c1823a7a0dac2d692dc726011d36d04 av-styling- avia-align-left  avia-builder-el-3  el_before_av_one_fifth  avia-builder-el-first '   itemprop=\"image\" itemscope=\"itemscope\" itemtype=\"https:\/\/schema.org\/ImageObject\" ><div class=\"avia-image-container-inner\"><div class=\"avia-image-overlay-wrap\"><img decoding=\"async\" class='wp-image-510 avia-img-lazy-loading-not-510 avia_image ' src=\"https:\/\/www.moser-erbenermittlung.com\/wp-content\/uploads\/2014\/12\/Moser-Erbenermittlung-Lederband-Sprachen.png\" alt='' title='Moser-Erbenermittlung-Lederband-Sprachen'  height=\"50\" width=\"295\"  itemprop=\"thumbnailUrl\" srcset=\"https:\/\/www.moser-erbenermittlung.com\/wp-content\/uploads\/2014\/12\/Moser-Erbenermittlung-Lederband-Sprachen.png 295w, https:\/\/www.moser-erbenermittlung.com\/wp-content\/uploads\/2014\/12\/Moser-Erbenermittlung-Lederband-Sprachen-80x13.png 80w\" sizes=\"(max-width: 295px) 100vw, 295px\" \/><\/div><\/div><\/div><br \/>\n<div  class='flex_column av-av_one_fifth-2a9015ff38129c418a3f2eafba3e9512 av_one_fifth  avia-builder-el-4  el_after_av_image  el_before_av_four_fifth  first flex_column_div  '     ><\/div><div  class='flex_column av-av_four_fifth-7363e53c17530d73ae99a74bf0ca1f76 av_four_fifth  avia-builder-el-5  el_after_av_one_fifth  el_before_av_one_full  flex_column_div  '     ><section  class='av_textblock_section av-av_textblock-0366cc7376be6c9e82a3e9cc8987b64f '   itemscope=\"itemscope\" itemtype=\"https:\/\/schema.org\/CreativeWork\" ><div class='avia_textblock'  itemprop=\"text\" ><p class=\"p1\"><span class=\"s1\">Biuro mi\u0119dzynarodowych poszukiwa\u0144 spadkobierc\u00f3w<\/span><\/p>\n<p class=\"p1\"><span class=\"s1\">Opracowywanie spraw spadkowych od roku 1898<\/span><\/p>\n<\/div><\/section><\/div><div  class='flex_column av-av_one_full-2a9015ff38129c418a3f2eafba3e9512 av_one_full  avia-builder-el-7  el_after_av_four_fifth  avia-builder-el-last  first flex_column_div  '     ><div  class='avia-button-wrap av-av_button-8ad29de8ca06dfcbee98dc90e01364d3-wrap avia-button-center  avia-builder-el-8  avia-builder-el-no-sibling '><a href='https:\/\/www.moser-erbenermittlung.com\/pl\/moser-erbenermittlung-baden-baden-4\/'  class='avia-button av-av_button-8ad29de8ca06dfcbee98dc90e01364d3 avia-icon_select-yes-right-icon avia-size-small avia-position-center avia-color-theme-color'  ><span class='avia_iconbox_title' >czytaj wi\u0119cej<\/span><span class='avia_button_icon avia_button_icon_right' aria-hidden='true' data-av_icon='\ue897' data-av_iconfont='entypo-fontello'><\/span><\/a><\/div><\/div><\/p>\n<\/div><\/div>\n<style type=\"text\/css\" data-created_by=\"avia_inline_auto\" id=\"style-css-av-av_cell_one_third-bb0275f5cd7178472aca901ebec9d635\">\n.flex_cell.av-av_cell_one_third-bb0275f5cd7178472aca901ebec9d635{\nvertical-align:top;\nbackground-color:#ffffff;\n}\n.responsive #top #wrap_all .flex_cell.av-av_cell_one_third-bb0275f5cd7178472aca901ebec9d635{\npadding:30px 30px 30px 30px !important;\n}\n<\/style>\n<div class='flex_cell av-av_cell_one_third-bb0275f5cd7178472aca901ebec9d635 av-gridrow-cell av_one_third no_margin  avia-builder-el-9  el_after_av_cell_one_third  el_before_av_cell_one_third '  ><div class='flex_cell_inner'><p>\n<style type=\"text\/css\" data-created_by=\"avia_inline_auto\" id=\"style-css-av-av_image-6fb19108d94ce3ca1918ae24f5e46f54\">\n.avia-image-container.av-av_image-6fb19108d94ce3ca1918ae24f5e46f54 img.avia_image{\nbox-shadow:none;\n}\n.avia-image-container.av-av_image-6fb19108d94ce3ca1918ae24f5e46f54 .av-image-caption-overlay-center{\ncolor:#ffffff;\n}\n<\/style>\n<div  class='avia-image-container av-av_image-6fb19108d94ce3ca1918ae24f5e46f54 av-styling- avia-align-left  avia-builder-el-10  el_before_av_one_fifth  avia-builder-el-first '   itemprop=\"image\" itemscope=\"itemscope\" itemtype=\"https:\/\/schema.org\/ImageObject\" ><div class=\"avia-image-container-inner\"><div class=\"avia-image-overlay-wrap\"><img decoding=\"async\" class='wp-image-551 avia-img-lazy-loading-not-551 avia_image ' src=\"https:\/\/www.moser-erbenermittlung.com\/wp-content\/uploads\/2014\/12\/Unsere-Leistungen-Lederband-pl.png\" alt='' title='Unsere-Leistungen-Lederband-pl'  height=\"50\" width=\"295\"  itemprop=\"thumbnailUrl\" srcset=\"https:\/\/www.moser-erbenermittlung.com\/wp-content\/uploads\/2014\/12\/Unsere-Leistungen-Lederband-pl.png 295w, https:\/\/www.moser-erbenermittlung.com\/wp-content\/uploads\/2014\/12\/Unsere-Leistungen-Lederband-pl-80x13.png 80w\" sizes=\"(max-width: 295px) 100vw, 295px\" \/><\/div><\/div><\/div><br \/>\n<div  class='flex_column av-av_one_fifth-2a9015ff38129c418a3f2eafba3e9512 av_one_fifth  avia-builder-el-11  el_after_av_image  el_before_av_four_fifth  first flex_column_div  '     ><\/div><div  class='flex_column av-av_four_fifth-7363e53c17530d73ae99a74bf0ca1f76 av_four_fifth  avia-builder-el-12  el_after_av_one_fifth  avia-builder-el-last  flex_column_div  '     ><section  class='av_textblock_section av-av_textblock-0366cc7376be6c9e82a3e9cc8987b64f '   itemscope=\"itemscope\" itemtype=\"https:\/\/schema.org\/CreativeWork\" ><div class='avia_textblock'  itemprop=\"text\" ><ul style=\"list-style-type: disc;\">\n<li>Poszukiwania spadkobierc\u00f3w na ca\u0142ym \u015bwiecie w niewyja\u015bnionych sprawach spadkowych.<\/li>\n<li>Wystaranie si\u0119 o dokumenty w kraju i za granic\u0105.<\/li>\n<li>Wystaranie si\u0119 o dowody spadkowe dla znanych grup spadkobierc\u00f3w i wspieranie przy egzekwowaniu praw spadkowych.<\/li>\n<li>Lokalizacja w\u0142a\u015bcicieli nieruchomo\u015bci, kt\u00f3rych miejsce pobytu jest nieznane.<\/li>\n<\/ul>\n<\/div><\/section><\/div><\/p>\n<\/div><\/div>\n<style type=\"text\/css\" data-created_by=\"avia_inline_auto\" id=\"style-css-av-av_cell_one_third-bb0275f5cd7178472aca901ebec9d635\">\n.flex_cell.av-av_cell_one_third-bb0275f5cd7178472aca901ebec9d635{\nvertical-align:top;\nbackground-color:#ffffff;\n}\n.responsive #top #wrap_all .flex_cell.av-av_cell_one_third-bb0275f5cd7178472aca901ebec9d635{\npadding:30px 30px 30px 30px !important;\n}\n<\/style>\n<div class='flex_cell av-av_cell_one_third-bb0275f5cd7178472aca901ebec9d635 av-gridrow-cell av_one_third no_margin  avia-builder-el-14  el_after_av_cell_one_third  avia-builder-el-last '  ><div class='flex_cell_inner'><p>\n<style type=\"text\/css\" data-created_by=\"avia_inline_auto\" id=\"style-css-av-av_image-16f1154176bb699e9746bd6c68c6be63\">\n.avia-image-container.av-av_image-16f1154176bb699e9746bd6c68c6be63 img.avia_image{\nbox-shadow:none;\n}\n.avia-image-container.av-av_image-16f1154176bb699e9746bd6c68c6be63 .av-image-caption-overlay-center{\ncolor:#ffffff;\n}\n<\/style>\n<div  class='avia-image-container av-av_image-16f1154176bb699e9746bd6c68c6be63 av-styling- avia-align-left  avia-builder-el-15  el_before_av_one_fifth  avia-builder-el-first '   itemprop=\"image\" itemscope=\"itemscope\" itemtype=\"https:\/\/schema.org\/ImageObject\" ><div class=\"avia-image-container-inner\"><div class=\"avia-image-overlay-wrap\"><img decoding=\"async\" class='wp-image-547 avia-img-lazy-loading-not-547 avia_image ' src=\"https:\/\/www.moser-erbenermittlung.com\/wp-content\/uploads\/2014\/12\/Kontakt-Lederband-pl.png\" alt='' title='Kontakt-Lederband-pl'  height=\"50\" width=\"295\"  itemprop=\"thumbnailUrl\" srcset=\"https:\/\/www.moser-erbenermittlung.com\/wp-content\/uploads\/2014\/12\/Kontakt-Lederband-pl.png 295w, https:\/\/www.moser-erbenermittlung.com\/wp-content\/uploads\/2014\/12\/Kontakt-Lederband-pl-80x13.png 80w\" sizes=\"(max-width: 295px) 100vw, 295px\" \/><\/div><\/div><\/div><br \/>\n<div  class='flex_column av-av_one_fifth-2a9015ff38129c418a3f2eafba3e9512 av_one_fifth  avia-builder-el-16  el_after_av_image  el_before_av_four_fifth  first flex_column_div  '     ><\/div><div  class='flex_column av-av_four_fifth-7363e53c17530d73ae99a74bf0ca1f76 av_four_fifth  avia-builder-el-17  el_after_av_one_fifth  el_before_av_one_full  flex_column_div  '     ><section  class='av_textblock_section av-av_textblock-0366cc7376be6c9e82a3e9cc8987b64f '   itemscope=\"itemscope\" itemtype=\"https:\/\/schema.org\/CreativeWork\" ><div class='avia_textblock'  itemprop=\"text\" ><p class=\"p1\"><span class=\"s1\">Maj\u0105 Pa\u0144stwo pytania w nowej albo bierz\u0105cej sprawie?<\/span><\/p>\n<p class=\"p1\"><span class=\"s1\">Pomo\u017cemy Pa\u0144stwu ch\u0119tnie dalej.<\/span><\/p>\n<\/div><\/section><\/div><div  class='flex_column av-av_one_full-2a9015ff38129c418a3f2eafba3e9512 av_one_full  avia-builder-el-19  el_after_av_four_fifth  avia-builder-el-last  first flex_column_div  '     ><div  class='avia-button-wrap av-av_button-a701125cb66d313cd789a54705095042-wrap avia-button-center  avia-builder-el-20  avia-builder-el-no-sibling '><a href='https:\/\/www.moser-erbenermittlung.com\/pl\/kontakt-2\/'  class='avia-button av-av_button-a701125cb66d313cd789a54705095042 avia-icon_select-yes-right-icon avia-size-small avia-position-center avia-color-theme-color'  ><span class='avia_iconbox_title' >Kontakt<\/span><span class='avia_button_icon avia_button_icon_right' aria-hidden='true' data-av_icon='\ue897' data-av_iconfont='entypo-fontello'><\/span><\/a><\/div><\/div><\/p>\n<\/div><\/div>\n<\/div>\n<div id='av_section_1'  class='avia-section av-av_section-d21fdcaeecb69b7efe4eaf10b6112bd0 main_color avia-section-default avia-no-shadow  avia-builder-el-21  el_after_av_layout_row  el_before_av_section  avia-bg-style-scroll container_wrap sidebar_right'  ><div class='container av-section-cont-open' ><div class='template-page content  av-content-small alpha units'><div class='post-entry post-entry-type-page post-entry-482'><div class='entry-content-wrapper clearfix'>\n<div  class='flex_column av-av_one_full-2a9015ff38129c418a3f2eafba3e9512 av_one_full  avia-builder-el-22  avia-builder-el-no-sibling  first flex_column_div  '     ><section  class='av_textblock_section av-av_textblock-0366cc7376be6c9e82a3e9cc8987b64f '   itemscope=\"itemscope\" itemtype=\"https:\/\/schema.org\/CreativeWork\" ><div class='avia_textblock'  itemprop=\"text\" ><h3 style=\"text-align: center;\"><em>&#8222;Ustalamy spadkobierc\u00f3w od 1898 roku, <\/em><\/h3>\n<h3 style=\"text-align: center;\"><em>a od 1951 roku jeste\u015bmy z nasz\u0105 firm\u0105 przy ulicy Zeppelinstra\u00dfe w Baden-Baden.&#8221;<\/em><\/h3>\n<\/div><\/section><\/div><\/div><\/div><\/div><!-- close content main div --><\/div><\/div><div id='av_section_2'  class='avia-section av-av_section-d21fdcaeecb69b7efe4eaf10b6112bd0 main_color avia-section-default avia-no-shadow  avia-builder-el-24  el_after_av_section  avia-builder-el-last  avia-bg-style-scroll container_wrap sidebar_right'  ><div class='container av-section-cont-open' ><div class='template-page content  av-content-small alpha units'><div class='post-entry post-entry-type-page post-entry-482'><div class='entry-content-wrapper clearfix'>\n\n<style type=\"text\/css\" data-created_by=\"avia_inline_auto\" id=\"style-css-av-av_heading-653e8e765fc2cd7813ae26a57eb30481\">\n#top .av-special-heading.av-av_heading-653e8e765fc2cd7813ae26a57eb30481{\npadding-bottom:10px;\n}\nbody .av-special-heading.av-av_heading-653e8e765fc2cd7813ae26a57eb30481 .av-special-heading-tag .heading-char{\nfont-size:25px;\n}\n.av-special-heading.av-av_heading-653e8e765fc2cd7813ae26a57eb30481 .av-subheading{\nfont-size:15px;\n}\n<\/style>\n<div  class='av-special-heading av-av_heading-653e8e765fc2cd7813ae26a57eb30481 av-special-heading-h3 blockquote modern-quote modern-centered  avia-builder-el-25  el_before_av_hr  avia-builder-el-first '><h3 class='av-special-heading-tag'  itemprop=\"headline\"  >doniesienie prasowe<\/h3><div class=\"special-heading-border\"><div class=\"special-heading-inner-border\"><\/div><\/div><\/div>\n\n<style type=\"text\/css\" data-created_by=\"avia_inline_auto\" id=\"style-css-av-av_hr-53bb62ab5dc19f1fe938ee1250d83582\">\n#top .hr.av-av_hr-53bb62ab5dc19f1fe938ee1250d83582{\nmargin-top:30px;\nmargin-bottom:30px;\n}\n.hr.av-av_hr-53bb62ab5dc19f1fe938ee1250d83582 .hr-inner{\nwidth:50px;\nmax-width:45%;\n}\n<\/style>\n<div  class='hr av-av_hr-53bb62ab5dc19f1fe938ee1250d83582 hr-custom  avia-builder-el-26  el_after_av_heading  el_before_av_one_third  hr-center hr-icon-yes'><span class='hr-inner inner-border-av-border-thin'><span class=\"hr-inner-style\"><\/span><\/span><span class='av-seperator-icon' aria-hidden='true' data-av_icon='\ue84e' data-av_iconfont='entypo-fontello'><\/span><span class='hr-inner inner-border-av-border-thin'><span class=\"hr-inner-style\"><\/span><\/span><\/div>\n<div  class='flex_column av-av_one_third-2a9015ff38129c418a3f2eafba3e9512 av_one_third  avia-builder-el-27  el_after_av_hr  el_before_av_one_third  first flex_column_div  '     ><\/div><div  class='flex_column av-av_one_third-7363e53c17530d73ae99a74bf0ca1f76 av_one_third  avia-builder-el-29  el_after_av_one_third  el_before_av_one_third  flex_column_div  '     ><\/div><div  class='flex_column av-av_one_third-7363e53c17530d73ae99a74bf0ca1f76 av_one_third  avia-builder-el-31  el_after_av_one_third  el_before_av_hr  flex_column_div  '     ><\/div>\n<style type=\"text\/css\" data-created_by=\"avia_inline_auto\" id=\"style-css-av-av_hr-0688d0b0b6ed2f8b057db7a8270206df\">\n#top .hr.hr-invisible.av-av_hr-0688d0b0b6ed2f8b057db7a8270206df{\nheight:50px;\n}\n<\/style>\n<div  class='hr av-av_hr-0688d0b0b6ed2f8b057db7a8270206df hr-invisible  avia-builder-el-33  el_after_av_one_third  avia-builder-el-last '><span class='hr-inner '><span class=\"hr-inner-style\"><\/span><\/span><\/div>\n<\/div><\/div><\/div><!-- close content main div --><\/div><\/div><div id='after_section_2'  class='main_color av_default_container_wrap container_wrap sidebar_right'  ><div class='container av-section-cont-open' ><div class='template-page content  av-content-small alpha units'><div class='post-entry post-entry-type-page post-entry-482'><div class='entry-content-wrapper clearfix'><\/p>\n","protected":false},"excerpt":{"rendered":"","protected":false},"author":3,"featured_media":0,"parent":0,"menu_order":0,"comment_status":"closed","ping_status":"open","template":"","meta":{"footnotes":""},"class_list":["post-482","page","type-page","status-publish","hentry"],"yoast_head":"<!-- This site is optimized with the Yoast SEO plugin v27.3 - https:\/\/yoast.com\/product\/yoast-seo-wordpress\/ -->\n<title>dome - Moser Erbenermittlung<\/title>\n<meta name=\"robots\" content=\"index, follow, max-snippet:-1, max-image-preview:large, max-video-preview:-1\" \/>\n<link rel=\"canonical\" href=\"https:\/\/www.moser-erbenermittlung.com\/pl\/\" \/>\n<meta property=\"og:locale\" content=\"pl_PL\" \/>\n<meta property=\"og:type\" content=\"article\" \/>\n<meta property=\"og:title\" content=\"dome - Moser Erbenermittlung\" \/>\n<meta property=\"og:url\" content=\"https:\/\/www.moser-erbenermittlung.com\/pl\/\" \/>\n<meta property=\"og:site_name\" content=\"Moser Erbenermittlung\" \/>\n<meta property=\"article:modified_time\" content=\"2014-12-23T10:54:43+00:00\" \/>\n<meta name=\"twitter:label1\" content=\"Szacowany czas czytania\" \/>\n\t<meta name=\"twitter:data1\" content=\"4 minuty\" \/>\n<script type=\"application\/ld+json\" class=\"yoast-schema-graph\">{\"@context\":\"https:\\\/\\\/schema.org\",\"@graph\":[{\"@type\":\"WebPage\",\"@id\":\"https:\\\/\\\/www.moser-erbenermittlung.com\\\/pl\\\/\",\"url\":\"https:\\\/\\\/www.moser-erbenermittlung.com\\\/pl\\\/\",\"name\":\"dome - Moser Erbenermittlung\",\"isPartOf\":{\"@id\":\"https:\\\/\\\/www.moser-erbenermittlung.com\\\/fr\\\/#website\"},\"datePublished\":\"2014-12-19T13:39:50+00:00\",\"dateModified\":\"2014-12-23T10:54:43+00:00\",\"inLanguage\":\"pl-PL\",\"potentialAction\":[{\"@type\":\"ReadAction\",\"target\":[\"https:\\\/\\\/www.moser-erbenermittlung.com\\\/pl\\\/\"]}]},{\"@type\":\"WebSite\",\"@id\":\"https:\\\/\\\/www.moser-erbenermittlung.com\\\/fr\\\/#website\",\"url\":\"https:\\\/\\\/www.moser-erbenermittlung.com\\\/fr\\\/\",\"name\":\"Moser Erbenermittlung\",\"description\":\"\",\"publisher\":{\"@id\":\"https:\\\/\\\/www.moser-erbenermittlung.com\\\/fr\\\/#organization\"},\"potentialAction\":[{\"@type\":\"SearchAction\",\"target\":{\"@type\":\"EntryPoint\",\"urlTemplate\":\"https:\\\/\\\/www.moser-erbenermittlung.com\\\/fr\\\/?s={search_term_string}\"},\"query-input\":{\"@type\":\"PropertyValueSpecification\",\"valueRequired\":true,\"valueName\":\"search_term_string\"}}],\"inLanguage\":\"pl-PL\"},{\"@type\":\"Organization\",\"@id\":\"https:\\\/\\\/www.moser-erbenermittlung.com\\\/fr\\\/#organization\",\"name\":\"Moser Erbenermittlung\",\"url\":\"https:\\\/\\\/www.moser-erbenermittlung.com\\\/fr\\\/\",\"logo\":{\"@type\":\"ImageObject\",\"inLanguage\":\"pl-PL\",\"@id\":\"https:\\\/\\\/www.moser-erbenermittlung.com\\\/fr\\\/#\\\/schema\\\/logo\\\/image\\\/\",\"url\":\"\",\"contentUrl\":\"\",\"caption\":\"Moser Erbenermittlung\"},\"image\":{\"@id\":\"https:\\\/\\\/www.moser-erbenermittlung.com\\\/fr\\\/#\\\/schema\\\/logo\\\/image\\\/\"}}]}<\/script>\n<!-- \/ Yoast SEO plugin. -->","yoast_head_json":{"title":"dome - Moser Erbenermittlung","robots":{"index":"index","follow":"follow","max-snippet":"max-snippet:-1","max-image-preview":"max-image-preview:large","max-video-preview":"max-video-preview:-1"},"canonical":"https:\/\/www.moser-erbenermittlung.com\/pl\/","og_locale":"pl_PL","og_type":"article","og_title":"dome - Moser Erbenermittlung","og_url":"https:\/\/www.moser-erbenermittlung.com\/pl\/","og_site_name":"Moser Erbenermittlung","article_modified_time":"2014-12-23T10:54:43+00:00","twitter_misc":{"Szacowany czas czytania":"4 minuty"},"schema":{"@context":"https:\/\/schema.org","@graph":[{"@type":"WebPage","@id":"https:\/\/www.moser-erbenermittlung.com\/pl\/","url":"https:\/\/www.moser-erbenermittlung.com\/pl\/","name":"dome - Moser Erbenermittlung","isPartOf":{"@id":"https:\/\/www.moser-erbenermittlung.com\/fr\/#website"},"datePublished":"2014-12-19T13:39:50+00:00","dateModified":"2014-12-23T10:54:43+00:00","inLanguage":"pl-PL","potentialAction":[{"@type":"ReadAction","target":["https:\/\/www.moser-erbenermittlung.com\/pl\/"]}]},{"@type":"WebSite","@id":"https:\/\/www.moser-erbenermittlung.com\/fr\/#website","url":"https:\/\/www.moser-erbenermittlung.com\/fr\/","name":"Moser Erbenermittlung","description":"","publisher":{"@id":"https:\/\/www.moser-erbenermittlung.com\/fr\/#organization"},"potentialAction":[{"@type":"SearchAction","target":{"@type":"EntryPoint","urlTemplate":"https:\/\/www.moser-erbenermittlung.com\/fr\/?s={search_term_string}"},"query-input":{"@type":"PropertyValueSpecification","valueRequired":true,"valueName":"search_term_string"}}],"inLanguage":"pl-PL"},{"@type":"Organization","@id":"https:\/\/www.moser-erbenermittlung.com\/fr\/#organization","name":"Moser Erbenermittlung","url":"https:\/\/www.moser-erbenermittlung.com\/fr\/","logo":{"@type":"ImageObject","inLanguage":"pl-PL","@id":"https:\/\/www.moser-erbenermittlung.com\/fr\/#\/schema\/logo\/image\/","url":"","contentUrl":"","caption":"Moser Erbenermittlung"},"image":{"@id":"https:\/\/www.moser-erbenermittlung.com\/fr\/#\/schema\/logo\/image\/"}}]}},"_links":{"self":[{"href":"https:\/\/www.moser-erbenermittlung.com\/pl\/wp-json\/wp\/v2\/pages\/482","targetHints":{"allow":["GET"]}}],"collection":[{"href":"https:\/\/www.moser-erbenermittlung.com\/pl\/wp-json\/wp\/v2\/pages"}],"about":[{"href":"https:\/\/www.moser-erbenermittlung.com\/pl\/wp-json\/wp\/v2\/types\/page"}],"author":[{"embeddable":true,"href":"https:\/\/www.moser-erbenermittlung.com\/pl\/wp-json\/wp\/v2\/users\/3"}],"replies":[{"embeddable":true,"href":"https:\/\/www.moser-erbenermittlung.com\/pl\/wp-json\/wp\/v2\/comments?post=482"}],"version-history":[{"count":15,"href":"https:\/\/www.moser-erbenermittlung.com\/pl\/wp-json\/wp\/v2\/pages\/482\/revisions"}],"predecessor-version":[{"id":651,"href":"https:\/\/www.moser-erbenermittlung.com\/pl\/wp-json\/wp\/v2\/pages\/482\/revisions\/651"}],"wp:attachment":[{"href":"https:\/\/www.moser-erbenermittlung.com\/pl\/wp-json\/wp\/v2\/media?parent=482"}],"curies":[{"name":"wp","href":"https:\/\/api.w.org\/{rel}","templated":true}]}}