{"id":479,"date":"2014-12-19T14:33:58","date_gmt":"2014-12-19T13:33:58","guid":{"rendered":"https:\/\/www.moser-erbenermittlung.com\/?page_id=479"},"modified":"2014-12-20T16:56:23","modified_gmt":"2014-12-20T15:56:23","slug":"nasze-uslugi","status":"publish","type":"page","link":"https:\/\/www.moser-erbenermittlung.com\/pl\/nasze-uslugi\/","title":{"rendered":"NASZE US\u0141UGI"},"content":{"rendered":"<section  class='av_textblock_section av-av_textblock-0366cc7376be6c9e82a3e9cc8987b64f '   itemscope=\"itemscope\" itemtype=\"https:\/\/schema.org\/CreativeWork\" ><div class='avia_textblock'  itemprop=\"text\" ><h3>NASZE US\u0141UGI:<\/h3>\n<ul>\n<li>Poszukiwania spadkobierc\u00f3w na ca\u0142ym \u015bwiecie w niewyja\u015bnionych sprawach spadkowych.<\/li>\n<li>Wystaranie si\u0119 o dokumenty w kraju i za granic\u0105 .<\/li>\n<li>Wystaranie si\u0119 o dowody spadkowe dla znanych grup spadkobierc\u00f3w i wspieranie przy egzekwowaniu praw spadkowych.<\/li>\n<li>Lokalizacja w\u0142a\u015bcicieli nieruchomo\u015bci, kt\u00f3rych miejsce pobytu jest nieznane.<\/li>\n<\/ul>\n<p>Maj\u0105 Pa\u0144stwo pytania w nowej albo bierz\u0105cej sprawie?<\/p>\n<p>Pomo\u017cemy Pa\u0144stwu ch\u0119tnie dalej<\/p>\n<\/div><\/section>\n<div  class='avia-button-wrap av-av_button-b537703cdd9906e81fad1838095460ba-wrap avia-button-left  avia-builder-el-1  el_after_av_textblock  avia-builder-el-last '><a href='https:\/\/www.moser-erbenermittlung.com\/pl\/kontakt-2\/'  class='avia-button av-av_button-b537703cdd9906e81fad1838095460ba avia-icon_select-no avia-size-small avia-position-left avia-color-theme-color'  ><span class='avia_iconbox_title' >Kontakt<\/span><\/a><\/div>\n","protected":false},"excerpt":{"rendered":"","protected":false},"author":3,"featured_media":0,"parent":0,"menu_order":5,"comment_status":"closed","ping_status":"closed","template":"","meta":{"footnotes":""},"class_list":["post-479","page","type-page","status-publish","hentry"],"yoast_head":"<!-- This site is optimized with the Yoast SEO plugin v27.3 - https:\/\/yoast.com\/product\/yoast-seo-wordpress\/ -->\n<title>NASZE US\u0141UGI - Moser Erbenermittlung<\/title>\n<meta name=\"robots\" content=\"index, follow, max-snippet:-1, max-image-preview:large, max-video-preview:-1\" \/>\n<link rel=\"canonical\" href=\"https:\/\/www.moser-erbenermittlung.com\/pl\/nasze-uslugi\/\" \/>\n<meta property=\"og:locale\" content=\"pl_PL\" \/>\n<meta property=\"og:type\" content=\"article\" \/>\n<meta property=\"og:title\" content=\"NASZE US\u0141UGI - Moser Erbenermittlung\" \/>\n<meta property=\"og:url\" content=\"https:\/\/www.moser-erbenermittlung.com\/pl\/nasze-uslugi\/\" \/>\n<meta property=\"og:site_name\" content=\"Moser Erbenermittlung\" \/>\n<meta property=\"article:modified_time\" content=\"2014-12-20T15:56:23+00:00\" \/>\n<meta name=\"twitter:label1\" content=\"Szacowany czas czytania\" \/>\n\t<meta name=\"twitter:data1\" content=\"1 minuta\" \/>\n<script type=\"application\/ld+json\" class=\"yoast-schema-graph\">{\"@context\":\"https:\\\/\\\/schema.org\",\"@graph\":[{\"@type\":\"WebPage\",\"@id\":\"https:\\\/\\\/www.moser-erbenermittlung.com\\\/pl\\\/nasze-uslugi\\\/\",\"url\":\"https:\\\/\\\/www.moser-erbenermittlung.com\\\/pl\\\/nasze-uslugi\\\/\",\"name\":\"NASZE US\u0141UGI - Moser Erbenermittlung\",\"isPartOf\":{\"@id\":\"https:\\\/\\\/www.moser-erbenermittlung.com\\\/fr\\\/#website\"},\"datePublished\":\"2014-12-19T13:33:58+00:00\",\"dateModified\":\"2014-12-20T15:56:23+00:00\",\"inLanguage\":\"pl-PL\",\"potentialAction\":[{\"@type\":\"ReadAction\",\"target\":[\"https:\\\/\\\/www.moser-erbenermittlung.com\\\/pl\\\/nasze-uslugi\\\/\"]}]},{\"@type\":\"WebSite\",\"@id\":\"https:\\\/\\\/www.moser-erbenermittlung.com\\\/fr\\\/#website\",\"url\":\"https:\\\/\\\/www.moser-erbenermittlung.com\\\/fr\\\/\",\"name\":\"Moser Erbenermittlung\",\"description\":\"\",\"publisher\":{\"@id\":\"https:\\\/\\\/www.moser-erbenermittlung.com\\\/fr\\\/#organization\"},\"potentialAction\":[{\"@type\":\"SearchAction\",\"target\":{\"@type\":\"EntryPoint\",\"urlTemplate\":\"https:\\\/\\\/www.moser-erbenermittlung.com\\\/fr\\\/?s={search_term_string}\"},\"query-input\":{\"@type\":\"PropertyValueSpecification\",\"valueRequired\":true,\"valueName\":\"search_term_string\"}}],\"inLanguage\":\"pl-PL\"},{\"@type\":\"Organization\",\"@id\":\"https:\\\/\\\/www.moser-erbenermittlung.com\\\/fr\\\/#organization\",\"name\":\"Moser Erbenermittlung\",\"url\":\"https:\\\/\\\/www.moser-erbenermittlung.com\\\/fr\\\/\",\"logo\":{\"@type\":\"ImageObject\",\"inLanguage\":\"pl-PL\",\"@id\":\"https:\\\/\\\/www.moser-erbenermittlung.com\\\/fr\\\/#\\\/schema\\\/logo\\\/image\\\/\",\"url\":\"\",\"contentUrl\":\"\",\"caption\":\"Moser Erbenermittlung\"},\"image\":{\"@id\":\"https:\\\/\\\/www.moser-erbenermittlung.com\\\/fr\\\/#\\\/schema\\\/logo\\\/image\\\/\"}}]}<\/script>\n<!-- \/ Yoast SEO plugin. -->","yoast_head_json":{"title":"NASZE US\u0141UGI - Moser Erbenermittlung","robots":{"index":"index","follow":"follow","max-snippet":"max-snippet:-1","max-image-preview":"max-image-preview:large","max-video-preview":"max-video-preview:-1"},"canonical":"https:\/\/www.moser-erbenermittlung.com\/pl\/nasze-uslugi\/","og_locale":"pl_PL","og_type":"article","og_title":"NASZE US\u0141UGI - Moser Erbenermittlung","og_url":"https:\/\/www.moser-erbenermittlung.com\/pl\/nasze-uslugi\/","og_site_name":"Moser Erbenermittlung","article_modified_time":"2014-12-20T15:56:23+00:00","twitter_misc":{"Szacowany czas czytania":"1 minuta"},"schema":{"@context":"https:\/\/schema.org","@graph":[{"@type":"WebPage","@id":"https:\/\/www.moser-erbenermittlung.com\/pl\/nasze-uslugi\/","url":"https:\/\/www.moser-erbenermittlung.com\/pl\/nasze-uslugi\/","name":"NASZE US\u0141UGI - Moser Erbenermittlung","isPartOf":{"@id":"https:\/\/www.moser-erbenermittlung.com\/fr\/#website"},"datePublished":"2014-12-19T13:33:58+00:00","dateModified":"2014-12-20T15:56:23+00:00","inLanguage":"pl-PL","potentialAction":[{"@type":"ReadAction","target":["https:\/\/www.moser-erbenermittlung.com\/pl\/nasze-uslugi\/"]}]},{"@type":"WebSite","@id":"https:\/\/www.moser-erbenermittlung.com\/fr\/#website","url":"https:\/\/www.moser-erbenermittlung.com\/fr\/","name":"Moser Erbenermittlung","description":"","publisher":{"@id":"https:\/\/www.moser-erbenermittlung.com\/fr\/#organization"},"potentialAction":[{"@type":"SearchAction","target":{"@type":"EntryPoint","urlTemplate":"https:\/\/www.moser-erbenermittlung.com\/fr\/?s={search_term_string}"},"query-input":{"@type":"PropertyValueSpecification","valueRequired":true,"valueName":"search_term_string"}}],"inLanguage":"pl-PL"},{"@type":"Organization","@id":"https:\/\/www.moser-erbenermittlung.com\/fr\/#organization","name":"Moser Erbenermittlung","url":"https:\/\/www.moser-erbenermittlung.com\/fr\/","logo":{"@type":"ImageObject","inLanguage":"pl-PL","@id":"https:\/\/www.moser-erbenermittlung.com\/fr\/#\/schema\/logo\/image\/","url":"","contentUrl":"","caption":"Moser Erbenermittlung"},"image":{"@id":"https:\/\/www.moser-erbenermittlung.com\/fr\/#\/schema\/logo\/image\/"}}]}},"_links":{"self":[{"href":"https:\/\/www.moser-erbenermittlung.com\/pl\/wp-json\/wp\/v2\/pages\/479","targetHints":{"allow":["GET"]}}],"collection":[{"href":"https:\/\/www.moser-erbenermittlung.com\/pl\/wp-json\/wp\/v2\/pages"}],"about":[{"href":"https:\/\/www.moser-erbenermittlung.com\/pl\/wp-json\/wp\/v2\/types\/page"}],"author":[{"embeddable":true,"href":"https:\/\/www.moser-erbenermittlung.com\/pl\/wp-json\/wp\/v2\/users\/3"}],"replies":[{"embeddable":true,"href":"https:\/\/www.moser-erbenermittlung.com\/pl\/wp-json\/wp\/v2\/comments?post=479"}],"version-history":[{"count":3,"href":"https:\/\/www.moser-erbenermittlung.com\/pl\/wp-json\/wp\/v2\/pages\/479\/revisions"}],"predecessor-version":[{"id":595,"href":"https:\/\/www.moser-erbenermittlung.com\/pl\/wp-json\/wp\/v2\/pages\/479\/revisions\/595"}],"wp:attachment":[{"href":"https:\/\/www.moser-erbenermittlung.com\/pl\/wp-json\/wp\/v2\/media?parent=479"}],"curies":[{"name":"wp","href":"https:\/\/api.w.org\/{rel}","templated":true}]}}